{"id":2,"date":"2019-06-05T11:39:57","date_gmt":"2019-06-05T11:39:57","guid":{"rendered":"https:\/\/klikk.fi\/?page_id=2"},"modified":"2024-02-06T14:51:59","modified_gmt":"2024-02-06T14:51:59","slug":"sample-page","status":"publish","type":"page","link":"https:\/\/klikk.fi\/","title":{"rendered":"Voita Gogift-superlahjakortti"},"content":{"rendered":"\n<p>Vastaa lyhyeen lahjakorttikyselyyn. Liity nyt Klikk.fi-uutiskirjeen vastaanottajaksi ja voita 20 euron arvoinen lahjakortti GoGift-superlahjakorttina. <\/p>\n\n\n\n<p><strong>Lis\u00e4ksi l\u00e4het\u00e4mme sinulle tarjouksen, jota et voi ohittaa!<\/strong><\/p>\n\n\n<p>[qsm quiz=1]<\/p>\n\n\n\n<h2 class=\"wp-block-heading\"><strong>Klikk.fi Superkilpailu on arvonta, jossa arvomme aika ajoin huippupalkintoja. <\/strong><\/h2>\n\n\n\n<p>Klikk.fi on rahan s\u00e4\u00e4st\u00e4miseen, tarjouksiin, kilpailuihin ja rahan tienaamiseen keskittynyt tarjouslinkkisivusto. <strong>N\u00e4ist\u00e4 eduista et voi j\u00e4\u00e4d\u00e4 paitsi!<\/strong><\/p>\n\n\n\n<p>Liity mukaan helposti t\u00e4ytt\u00e4m\u00e4ll\u00e4 yll\u00e4 oleva lomake!<\/p>\n\n\n\n<ul class=\"wp-block-list\">\n<li>S\u00e4\u00e4st\u00e4 jopa -80% tarjouksilla!<\/li>\n\n\n\n<li>S\u00e4\u00e4st\u00e4 rahaa!<\/li>\n\n\n\n<li>N\u00e4in tienaat rahaa!<\/li>\n\n\n\n<li>Voita upeita palkintoja!<\/li>\n\n\n\n<li>Klubin j\u00e4senyys on t\u00e4ysin ilmainen.<\/li>\n<\/ul>\n\n\n\n<p>Ker\u00e4\u00e4mme sivustolle suomen parhaat tarjoukset ja kilpailut.<\/p>\n\n\n\n<p>Klikkaa itsesi parhaisiin etuihin ja s\u00e4\u00e4st\u00e4 rahaa \u2013 niin j\u00e4\u00e4 rahaa muuhunkin!<\/p>\n\n\n\n<p>Klikk.fi Superkilpailu on arvonta, jossa arvomme aika ajoin huippupalkintoja.<\/p>\n\n\n\n<p>Superkilpailuista, kuten my\u00f6s tarjouksista tiedotetaan joka p\u00e4iv\u00e4. N\u00e4ist\u00e4 tarjouksista ei kannata j\u00e4\u00e4d\u00e4 paitsi, sill\u00e4 n\u00e4it\u00e4 et ehk\u00e4 muualta l\u00f6yd\u00e4!<\/p>\n\n\n\n<p>Etsimme sinua varten netin kiinnostavimmat diilit ja arvonnat. Liity ilmaiseksi klubiin jo t\u00e4n\u00e4\u00e4n!<\/p>\n\n\n\n<h2 class=\"wp-block-heading\">Miksi olen postituslistallanne?<\/h2>\n\n\n\n<p><\/p>\n\n\n\n<p><\/p>\n","protected":false},"excerpt":{"rendered":"<p>Vastaa lyhyeen lahjakorttikyselyyn. Liity nyt Klikk.fi-uutiskirjeen vastaanottajaksi ja voita 20 euron arvoinen lahjakortti GoGift-superlahjakorttina. Lis\u00e4ksi l\u00e4het\u00e4mme sinulle tarjouksen, jota et voi ohittaa! Klikk.fi Superkilpailu on arvonta, jossa arvomme aika ajoin huippupalkintoja. Klikk.fi on rahan s\u00e4\u00e4st\u00e4miseen, tarjouksiin, kilpailuihin ja rahan tienaamiseen keskittynyt tarjouslinkkisivusto. N\u00e4ist\u00e4 eduista et voi j\u00e4\u00e4d\u00e4 paitsi! Liity mukaan helposti t\u00e4ytt\u00e4m\u00e4ll\u00e4 yll\u00e4 oleva lomake! &hellip; <\/p>\n<p class=\"link-more\"><a href=\"https:\/\/klikk.fi\/\" class=\"more-link\">Jatka lukemista<span class=\"screen-reader-text\"> &#8221;Voita Gogift-superlahjakortti&#8221;<\/span><\/a><\/p>\n","protected":false},"author":1,"featured_media":0,"parent":0,"menu_order":0,"comment_status":"closed","ping_status":"closed","template":"","meta":{"footnotes":""},"class_list":["post-2","page","type-page","status-publish","hentry","entry"],"_links":{"self":[{"href":"https:\/\/klikk.fi\/index.php\/wp-json\/wp\/v2\/pages\/2","targetHints":{"allow":["GET"]}}],"collection":[{"href":"https:\/\/klikk.fi\/index.php\/wp-json\/wp\/v2\/pages"}],"about":[{"href":"https:\/\/klikk.fi\/index.php\/wp-json\/wp\/v2\/types\/page"}],"author":[{"embeddable":true,"href":"https:\/\/klikk.fi\/index.php\/wp-json\/wp\/v2\/users\/1"}],"replies":[{"embeddable":true,"href":"https:\/\/klikk.fi\/index.php\/wp-json\/wp\/v2\/comments?post=2"}],"version-history":[{"count":9,"href":"https:\/\/klikk.fi\/index.php\/wp-json\/wp\/v2\/pages\/2\/revisions"}],"predecessor-version":[{"id":327,"href":"https:\/\/klikk.fi\/index.php\/wp-json\/wp\/v2\/pages\/2\/revisions\/327"}],"wp:attachment":[{"href":"https:\/\/klikk.fi\/index.php\/wp-json\/wp\/v2\/media?parent=2"}],"curies":[{"name":"wp","href":"https:\/\/api.w.org\/{rel}","templated":true}]}}